{"id":3745,"date":"2021-04-30T18:49:06","date_gmt":"2021-04-30T18:49:06","guid":{"rendered":"http:\/\/residenciajosepujol.crbrosdev.com\/?page_id=3745"},"modified":"2021-05-13T18:46:02","modified_gmt":"2021-05-13T18:46:02","slug":"eventos","status":"publish","type":"page","link":"https:\/\/residenciajosepujol.com\/index.php\/eventos\/","title":{"rendered":"Eventos"},"content":{"rendered":"\t\t<div data-elementor-type=\"wp-page\" data-elementor-id=\"3745\" class=\"elementor elementor-3745\" data-elementor-settings=\"[]\">\n\t\t\t\t\t\t<div class=\"elementor-inner\">\n\t\t\t\t\t\t\t<div class=\"elementor-section-wrap\">\n\t\t\t\t\t\t\t<section class=\"elementor-section elementor-top-section elementor-element elementor-element-1079e02 elementor-section-boxed elementor-section-height-default elementor-section-height-default\" data-id=\"1079e02\" data-element_type=\"section\">\n\t\t\t\t\t\t<div class=\"elementor-container elementor-column-gap-default\">\n\t\t\t\t\t\t\t<div class=\"elementor-row\">\n\t\t\t\t\t<div class=\"elementor-column elementor-col-100 elementor-top-column elementor-element elementor-element-257f181\" data-id=\"257f181\" data-element_type=\"column\">\n\t\t\t<div class=\"elementor-column-wrap elementor-element-populated\">\n\t\t\t\t\t\t\t<div class=\"elementor-widget-wrap\">\n\t\t\t\t\t\t<div class=\"elementor-element elementor-element-190a511 elementor-widget elementor-widget-spacer\" data-id=\"190a511\" data-element_type=\"widget\" data-widget_type=\"spacer.default\">\n\t\t\t\t<div class=\"elementor-widget-container\">\n\t\t\t\t\t<div class=\"elementor-spacer\">\n\t\t\t<div class=\"elementor-spacer-inner\"><\/div>\n\t\t<\/div>\n\t\t\t\t<\/div>\n\t\t\t\t<\/div>\n\t\t\t\t<div class=\"elementor-element elementor-element-bd684a2 elementor-widget elementor-widget-spacer\" data-id=\"bd684a2\" data-element_type=\"widget\" data-widget_type=\"spacer.default\">\n\t\t\t\t<div class=\"elementor-widget-container\">\n\t\t\t\t\t<div class=\"elementor-spacer\">\n\t\t\t<div class=\"elementor-spacer-inner\"><\/div>\n\t\t<\/div>\n\t\t\t\t<\/div>\n\t\t\t\t<\/div>\n\t\t\t\t<div class=\"elementor-element elementor-element-9d3e0c1 elementor-widget elementor-widget-heading\" data-id=\"9d3e0c1\" data-element_type=\"widget\" data-widget_type=\"heading.default\">\n\t\t\t\t<div class=\"elementor-widget-container\">\n\t\t\t<h3 class=\"elementor-heading-title elementor-size-default\">Eventos y paseos<\/h3>\t\t<\/div>\n\t\t\t\t<\/div>\n\t\t\t\t<div class=\"elementor-element elementor-element-480637d elementor-widget elementor-widget-spacer\" data-id=\"480637d\" data-element_type=\"widget\" data-widget_type=\"spacer.default\">\n\t\t\t\t<div class=\"elementor-widget-container\">\n\t\t\t\t\t<div class=\"elementor-spacer\">\n\t\t\t<div class=\"elementor-spacer-inner\"><\/div>\n\t\t<\/div>\n\t\t\t\t<\/div>\n\t\t\t\t<\/div>\n\t\t\t\t\t\t<\/div>\n\t\t\t\t\t<\/div>\n\t\t<\/div>\n\t\t\t\t\t\t\t\t<\/div>\n\t\t\t\t\t<\/div>\n\t\t<\/section>\n\t\t\t\t<section class=\"elementor-section elementor-top-section elementor-element elementor-element-7b7391f elementor-section-boxed elementor-section-height-default elementor-section-height-default\" data-id=\"7b7391f\" data-element_type=\"section\">\n\t\t\t\t\t\t<div class=\"elementor-container elementor-column-gap-default\">\n\t\t\t\t\t\t\t<div class=\"elementor-row\">\n\t\t\t\t\t<div class=\"elementor-column elementor-col-100 elementor-top-column elementor-element elementor-element-10e51ce\" data-id=\"10e51ce\" data-element_type=\"column\">\n\t\t\t<div class=\"elementor-column-wrap elementor-element-populated\">\n\t\t\t\t\t\t\t<div class=\"elementor-widget-wrap\">\n\t\t\t\t\t\t<div class=\"elementor-element elementor-element-ea7fb49 elementor-widget elementor-widget-the7_elements\" data-id=\"ea7fb49\" data-element_type=\"widget\" data-widget_type=\"the7_elements.default\">\n\t\t\t\t<div class=\"elementor-widget-container\">\n\t\t\t<div  class=\"portfolio-shortcode the7-elementor-widget the7_elements-ea7fb49 mode-masonry classic-layout-list description-under-image quick-scale-img content-bg-on enable-bg-rollover resize-by-browser-width loading-effect-none jquery-filter\"  data-padding=\"15px\" data-cur-page=\"1\" data-post-limit=\"10\" data-pagination-mode=\"load-more\" data-mobile-columns-num=\"1\" data-tablet-columns-num=\"2\" data-desktop-columns-num=\"3\" data-wide-desktop-columns-num=\"4\"><div class=\"iso-container dt-isotope custom-iso-columns\"><div class=\"visible wf-cell iso-item\" data-post-id=\"3801\" data-date=\"2021-04-30T19:49:20+00:00\" data-name=\"Paseo a Cartago\"><article class=\"post visible post-3801 type-post status-publish format-standard has-post-thumbnail hentry category-sin-categoria category-1 description-off\" data-name=\"Paseo a Cartago\" data-date=\"2021-04-30T19:49:20+00:00\">\n\n\t<div class=\"post-thumbnail-wrap rollover-active\">\n\t\t<div class=\"post-thumbnail\">\n\n\t\t\t<a href=\"https:\/\/residenciajosepujol.com\/index.php\/2021\/04\/30\/paseo-a-cartago\/\" class=\"post-thumbnail-rollover layzr-bg\" aria-label=\"Post image\" rel=\"nofollow\"><img loading=\"lazy\" decoding=\"async\" class=\"preload-me iso-lazy-load\" src=\"data:image\/svg+xml,%3Csvg%20xmlns%3D&#39;http%3A%2F%2Fwww.w3.org%2F2000%2Fsvg&#39;%20viewBox%3D&#39;0%200%20768%20576&#39;%2F%3E\" data-src=\"https:\/\/residenciajosepujol.com\/wp-content\/uploads\/2021\/05\/Basilica-de-Los_Angeles-768x576.jpg\" data-srcset=\"https:\/\/residenciajosepujol.com\/wp-content\/uploads\/2021\/05\/Basilica-de-Los_Angeles-768x576.jpg 768w, https:\/\/residenciajosepujol.com\/wp-content\/uploads\/2021\/05\/Basilica-de-Los_Angeles-1152x864.jpg 1152w\" alt=\"\" title=\"Basilica de Los_Angeles\" width=\"768\" height=\"576\"  \/><\/a><div class=\"project-links-container\"><a href=\"https:\/\/residenciajosepujol.com\/index.php\/2021\/04\/30\/paseo-a-cartago\/\" class=\"project-details\" aria-label=\"Details link\" rel=\"nofollow\"><span aria-hidden=\"true\" class=\"icomoon-the7-font-the7-plus-02\"><\/span><\/a><\/div>\n\t\t<\/div>\n\t<\/div>\n\n\n<div class=\"post-entry-content\">\n\n\t<h3 class=\"ele-entry-title\"><a href=\"https:\/\/residenciajosepujol.com\/index.php\/2021\/04\/30\/paseo-a-cartago\/\" title=\"Paseo a Cartago\" rel=\"bookmark\">Paseo a Cartago<\/a><\/h3><div class=\"entry-meta\"><a href=\"https:\/\/residenciajosepujol.com\/index.php\/2021\/04\/30\/\" title=\"19:49\" class=\"meta-item data-link\" rel=\"bookmark\"><time class=\"entry-date updated\" datetime=\"2021-04-30T19:49:20+00:00\">30 de abril de 2021<\/time><\/a><\/div><div class=\"entry-excerpt\"><p>En el mes de octubre, fuimos de peregrinaci\u00f3n a la ciudad de Cartago, con el&hellip;<\/p>\n<\/div>\n<a class=\"post-details details-type-btn dt-btn-s dt-btn\" href=\"https:\/\/residenciajosepujol.com\/index.php\/2021\/04\/30\/paseo-a-cartago\/\" rel=\"nofollow\" aria-label=\"Read more about Paseo a Cartago\"><span>Ver galer\u00eda<\/span><i aria-hidden=\"true\" class=\"dt-icon-the7-arrow-552\"><\/i><\/a>\n<\/div><\/article><\/div><div class=\"visible wf-cell iso-item\" data-post-id=\"3724\" data-date=\"2021-04-30T18:23:13+00:00\" data-name=\"D\u00eda del adulto mayor\"><article class=\"post visible post-3724 type-post status-publish format-standard has-post-thumbnail hentry category-sin-categoria category-1 description-off\" data-name=\"D\u00eda del adulto mayor\" data-date=\"2021-04-30T18:23:13+00:00\">\n\n\t<div class=\"post-thumbnail-wrap rollover-active\">\n\t\t<div class=\"post-thumbnail\">\n\n\t\t\t<a href=\"https:\/\/residenciajosepujol.com\/index.php\/2021\/04\/30\/dia-adulto-mayor\/\" class=\"post-thumbnail-rollover layzr-bg\" aria-label=\"Post image\" rel=\"nofollow\"><img loading=\"lazy\" decoding=\"async\" class=\"preload-me iso-lazy-load\" src=\"data:image\/svg+xml,%3Csvg%20xmlns%3D&#39;http%3A%2F%2Fwww.w3.org%2F2000%2Fsvg&#39;%20viewBox%3D&#39;0%200%20400%20400&#39;%2F%3E\" data-src=\"https:\/\/residenciajosepujol.com\/wp-content\/uploads\/2021\/05\/DIA-DEL-ADULTO2.jpg\" data-srcset=\"https:\/\/residenciajosepujol.com\/wp-content\/uploads\/2021\/05\/DIA-DEL-ADULTO2.jpg 400w\" alt=\"\" title=\"DIA DEL ADULTO2\" width=\"400\" height=\"400\"  \/><\/a><div class=\"project-links-container\"><a href=\"https:\/\/residenciajosepujol.com\/index.php\/2021\/04\/30\/dia-adulto-mayor\/\" class=\"project-details\" aria-label=\"Details link\" rel=\"nofollow\"><span aria-hidden=\"true\" class=\"icomoon-the7-font-the7-plus-02\"><\/span><\/a><\/div>\n\t\t<\/div>\n\t<\/div>\n\n\n<div class=\"post-entry-content\">\n\n\t<h3 class=\"ele-entry-title\"><a href=\"https:\/\/residenciajosepujol.com\/index.php\/2021\/04\/30\/dia-adulto-mayor\/\" title=\"D\u00eda del adulto mayor\" rel=\"bookmark\">D\u00eda del adulto mayor<\/a><\/h3><div class=\"entry-meta\"><a href=\"https:\/\/residenciajosepujol.com\/index.php\/2021\/04\/30\/\" title=\"18:23\" class=\"meta-item data-link\" rel=\"bookmark\"><time class=\"entry-date updated\" datetime=\"2021-04-30T18:23:13+00:00\">30 de abril de 2021<\/time><\/a><\/div><div class=\"entry-excerpt\"><p>A finales del mes de octubre, celebramos en nuestra Residencia, el d\u00eda del \u00abADULTO MAYOR\u00bb.&hellip;<\/p>\n<\/div>\n<a class=\"post-details details-type-btn dt-btn-s dt-btn\" href=\"https:\/\/residenciajosepujol.com\/index.php\/2021\/04\/30\/dia-adulto-mayor\/\" rel=\"nofollow\" aria-label=\"Read more about D\u00eda del adulto mayor\"><span>Ver galer\u00eda<\/span><i aria-hidden=\"true\" class=\"dt-icon-the7-arrow-552\"><\/i><\/a>\n<\/div><\/article><\/div><\/div><!-- iso-container|iso-grid --><div class=\"paginator filter-decorations paginator-more-button filter-pointer-underline\">\n\t\t\t\t<a class=\"button-load-more highlighted filter-item\" href=\"javascript:void(0);\" data-dt-page=\"1\" ><i aria-hidden=\"true\" class=\"fas fa-arrow-circle-down\"><\/i><span class=\"button-caption\">Cargar m\u00e1s<\/span><\/a>\n\t\t\t<\/div><\/div>\t\t<\/div>\n\t\t\t\t<\/div>\n\t\t\t\t\t\t<\/div>\n\t\t\t\t\t<\/div>\n\t\t<\/div>\n\t\t\t\t\t\t\t\t<\/div>\n\t\t\t\t\t<\/div>\n\t\t<\/section>\n\t\t\t\t<section class=\"elementor-section elementor-top-section elementor-element elementor-element-86e7b7b elementor-section-boxed elementor-section-height-default elementor-section-height-default\" data-id=\"86e7b7b\" data-element_type=\"section\">\n\t\t\t\t\t\t<div class=\"elementor-container elementor-column-gap-default\">\n\t\t\t\t\t\t\t<div class=\"elementor-row\">\n\t\t\t\t\t<div class=\"elementor-column elementor-col-100 elementor-top-column elementor-element elementor-element-c5364bd\" data-id=\"c5364bd\" data-element_type=\"column\">\n\t\t\t<div class=\"elementor-column-wrap elementor-element-populated\">\n\t\t\t\t\t\t\t<div class=\"elementor-widget-wrap\">\n\t\t\t\t\t\t<div class=\"elementor-element elementor-element-7801347 elementor-widget elementor-widget-spacer\" data-id=\"7801347\" data-element_type=\"widget\" data-widget_type=\"spacer.default\">\n\t\t\t\t<div class=\"elementor-widget-container\">\n\t\t\t\t\t<div class=\"elementor-spacer\">\n\t\t\t<div class=\"elementor-spacer-inner\"><\/div>\n\t\t<\/div>\n\t\t\t\t<\/div>\n\t\t\t\t<\/div>\n\t\t\t\t\t\t<\/div>\n\t\t\t\t\t<\/div>\n\t\t<\/div>\n\t\t\t\t\t\t\t\t<\/div>\n\t\t\t\t\t<\/div>\n\t\t<\/section>\n\t\t\t\t<section class=\"elementor-section elementor-top-section elementor-element elementor-element-5da39668 elementor-section-boxed elementor-section-height-default elementor-section-height-default\" data-id=\"5da39668\" data-element_type=\"section\" data-settings=\"{&quot;background_background&quot;:&quot;classic&quot;}\">\n\t\t\t\t\t\t<div class=\"elementor-container elementor-column-gap-wider\">\n\t\t\t\t\t\t\t<div class=\"elementor-row\">\n\t\t\t\t\t<div class=\"elementor-column elementor-col-33 elementor-top-column elementor-element elementor-element-1c3ccfa6\" data-id=\"1c3ccfa6\" data-element_type=\"column\">\n\t\t\t<div class=\"elementor-column-wrap elementor-element-populated\">\n\t\t\t\t\t\t\t<div class=\"elementor-widget-wrap\">\n\t\t\t\t\t\t<div class=\"elementor-element elementor-element-15cc796 elementor-widget elementor-widget-waze_map\" data-id=\"15cc796\" data-element_type=\"widget\" data-widget_type=\"waze_map.default\">\n\t\t\t\t<div class=\"elementor-widget-container\">\n\t\t\t<div class=\"oembed-elementor-widget\">\n\t\t<iframe src=\"https:\/\/embed.waze.com\/iframe?\n\t\t\tzoom=20&\n\t\t\tlat=9.986&\n\t\t\tlon=-84.188&\n\t\t\tpin=1\"\n\t\t\theight=\"250\"><\/iframe>\n\t\t<h1><\/h1><\/div>\t\t<\/div>\n\t\t\t\t<\/div>\n\t\t\t\t\t\t<\/div>\n\t\t\t\t\t<\/div>\n\t\t<\/div>\n\t\t\t\t<div class=\"elementor-column elementor-col-33 elementor-top-column elementor-element elementor-element-784a3222\" data-id=\"784a3222\" data-element_type=\"column\">\n\t\t\t<div class=\"elementor-column-wrap elementor-element-populated\">\n\t\t\t\t\t\t\t<div class=\"elementor-widget-wrap\">\n\t\t\t\t\t\t<div class=\"elementor-element elementor-element-4618d37d elementor-view-default elementor-vertical-align-top elementor-widget elementor-widget-icon-box\" data-id=\"4618d37d\" data-element_type=\"widget\" data-widget_type=\"icon-box.default\">\n\t\t\t\t<div class=\"elementor-widget-container\">\n\t\t\t\t\t<div class=\"elementor-icon-box-wrapper\">\n\t\t\t\t\t\t<div class=\"elementor-icon-box-content\">\n\t\t\t\t<h3 class=\"elementor-icon-box-title\">\n\t\t\t\t\t<span >Tel\u00e9fonos:<\/span>\n\t\t\t\t<\/h3>\n\t\t\t\t\t\t\t<\/div>\n\t\t<\/div>\n\t\t\t\t<\/div>\n\t\t\t\t<\/div>\n\t\t\t\t<div class=\"elementor-element elementor-element-3ccae24c elementor-position-left elementor-view-default elementor-vertical-align-top elementor-widget elementor-widget-icon-box\" data-id=\"3ccae24c\" data-element_type=\"widget\" data-widget_type=\"icon-box.default\">\n\t\t\t\t<div class=\"elementor-widget-container\">\n\t\t\t\t\t<div class=\"elementor-icon-box-wrapper\">\n\t\t\t\t\t\t<div class=\"elementor-icon-box-icon\">\n\t\t\t\t<span class=\"elementor-icon elementor-animation-\" >\n\t\t\t\t<i aria-hidden=\"true\" class=\"fas fa-phone\"><\/i>\t\t\t\t<\/span>\n\t\t\t<\/div>\n\t\t\t\t\t\t<div class=\"elementor-icon-box-content\">\n\t\t\t\t<h3 class=\"elementor-icon-box-title\">\n\t\t\t\t\t<span >+(506) 2239-0295<\/span>\n\t\t\t\t<\/h3>\n\t\t\t\t\t\t\t<\/div>\n\t\t<\/div>\n\t\t\t\t<\/div>\n\t\t\t\t<\/div>\n\t\t\t\t<div class=\"elementor-element elementor-element-181da9c1 elementor-position-left elementor-view-default elementor-vertical-align-top elementor-widget elementor-widget-icon-box\" data-id=\"181da9c1\" data-element_type=\"widget\" data-widget_type=\"icon-box.default\">\n\t\t\t\t<div class=\"elementor-widget-container\">\n\t\t\t\t\t<div class=\"elementor-icon-box-wrapper\">\n\t\t\t\t\t\t<div class=\"elementor-icon-box-icon\">\n\t\t\t\t<span class=\"elementor-icon elementor-animation-\" >\n\t\t\t\t<i aria-hidden=\"true\" class=\"fas fa-phone\"><\/i>\t\t\t\t<\/span>\n\t\t\t<\/div>\n\t\t\t\t\t\t<div class=\"elementor-icon-box-content\">\n\t\t\t\t<h3 class=\"elementor-icon-box-title\">\n\t\t\t\t\t<span >+(506) 2239-5808<\/span>\n\t\t\t\t<\/h3>\n\t\t\t\t\t\t\t<\/div>\n\t\t<\/div>\n\t\t\t\t<\/div>\n\t\t\t\t<\/div>\n\t\t\t\t<div class=\"elementor-element elementor-element-75a4aa5 elementor-position-left elementor-view-default elementor-vertical-align-top elementor-widget elementor-widget-icon-box\" data-id=\"75a4aa5\" data-element_type=\"widget\" data-widget_type=\"icon-box.default\">\n\t\t\t\t<div class=\"elementor-widget-container\">\n\t\t\t\t\t<div class=\"elementor-icon-box-wrapper\">\n\t\t\t\t\t\t<div class=\"elementor-icon-box-icon\">\n\t\t\t\t<span class=\"elementor-icon elementor-animation-\" >\n\t\t\t\t<i aria-hidden=\"true\" class=\"fas fa-phone\"><\/i>\t\t\t\t<\/span>\n\t\t\t<\/div>\n\t\t\t\t\t\t<div class=\"elementor-icon-box-content\">\n\t\t\t\t<h3 class=\"elementor-icon-box-title\">\n\t\t\t\t\t<span >+(506) 2239-5713<\/span>\n\t\t\t\t<\/h3>\n\t\t\t\t\t\t\t<\/div>\n\t\t<\/div>\n\t\t\t\t<\/div>\n\t\t\t\t<\/div>\n\t\t\t\t\t\t<\/div>\n\t\t\t\t\t<\/div>\n\t\t<\/div>\n\t\t\t\t<div class=\"elementor-column elementor-col-33 elementor-top-column elementor-element elementor-element-3d102b7b\" data-id=\"3d102b7b\" data-element_type=\"column\">\n\t\t\t<div class=\"elementor-column-wrap elementor-element-populated\">\n\t\t\t\t\t\t\t<div class=\"elementor-widget-wrap\">\n\t\t\t\t\t\t<div class=\"elementor-element elementor-element-6f5508f1 elementor-view-default elementor-vertical-align-top elementor-widget elementor-widget-icon-box\" data-id=\"6f5508f1\" data-element_type=\"widget\" data-widget_type=\"icon-box.default\">\n\t\t\t\t<div class=\"elementor-widget-container\">\n\t\t\t\t\t<div class=\"elementor-icon-box-wrapper\">\n\t\t\t\t\t\t<div class=\"elementor-icon-box-content\">\n\t\t\t\t<h3 class=\"elementor-icon-box-title\">\n\t\t\t\t\t<span >Fax:<\/span>\n\t\t\t\t<\/h3>\n\t\t\t\t\t\t\t<\/div>\n\t\t<\/div>\n\t\t\t\t<\/div>\n\t\t\t\t<\/div>\n\t\t\t\t<div class=\"elementor-element elementor-element-5448f609 elementor-position-left elementor-view-default elementor-vertical-align-top elementor-widget elementor-widget-icon-box\" data-id=\"5448f609\" data-element_type=\"widget\" data-widget_type=\"icon-box.default\">\n\t\t\t\t<div class=\"elementor-widget-container\">\n\t\t\t\t\t<div class=\"elementor-icon-box-wrapper\">\n\t\t\t\t\t\t<div class=\"elementor-icon-box-icon\">\n\t\t\t\t<span class=\"elementor-icon elementor-animation-\" >\n\t\t\t\t<i aria-hidden=\"true\" class=\"fas fa-fax\"><\/i>\t\t\t\t<\/span>\n\t\t\t<\/div>\n\t\t\t\t\t\t<div class=\"elementor-icon-box-content\">\n\t\t\t\t<h3 class=\"elementor-icon-box-title\">\n\t\t\t\t\t<span >+(506) 2293-1210<\/span>\n\t\t\t\t<\/h3>\n\t\t\t\t\t\t\t<\/div>\n\t\t<\/div>\n\t\t\t\t<\/div>\n\t\t\t\t<\/div>\n\t\t\t\t<div class=\"elementor-element elementor-element-1f711da9 elementor-widget elementor-widget-text-editor\" data-id=\"1f711da9\" data-element_type=\"widget\" data-widget_type=\"text-editor.default\">\n\t\t\t\t<div class=\"elementor-widget-container\">\n\t\t\t\t\t\t\t\t<div class=\"elementor-text-editor elementor-clearfix\">\n\t\t\t\t\t<p><span lang=\"ES\" style=\"font-family: Arial, sans-serif;\">Heredia, San Antonio de Bel\u00e9n, 75 metros oeste del Cementerio de la Ribera.<\/span><\/p>\t\t\t\t\t<\/div>\n\t\t\t\t\t\t<\/div>\n\t\t\t\t<\/div>\n\t\t\t\t\t\t<\/div>\n\t\t\t\t\t<\/div>\n\t\t<\/div>\n\t\t\t\t\t\t\t\t<\/div>\n\t\t\t\t\t<\/div>\n\t\t<\/section>\n\t\t\t\t\t\t<\/div>\n\t\t\t\t\t\t<\/div>\n\t\t\t\t\t<\/div>\n\t\t","protected":false},"excerpt":{"rendered":"<p>Eventos y paseos Paseo a Cartago 30 de abril de 2021 En el mes de octubre, fuimos de peregrinaci\u00f3n a la cuidad de Cartago, con el&hellip; Ver galer\u00eda D\u00eda del adulto mayor 30 de abril de 2021 A finales del mes de octubre, celebramos en nuestra Residencia, el d\u00eda del &#8220;ADULTO MAYOR&#8221;.&hellip; Ver galer\u00eda Cargar&hellip;<\/p>\n","protected":false},"author":1,"featured_media":0,"parent":0,"menu_order":90,"comment_status":"closed","ping_status":"closed","template":"elementor_header_footer","meta":[],"class_list":["post-3745","page","type-page","status-publish","hentry","category-1","description-off"],"_links":{"self":[{"href":"https:\/\/residenciajosepujol.com\/index.php\/wp-json\/wp\/v2\/pages\/3745","targetHints":{"allow":["GET"]}}],"collection":[{"href":"https:\/\/residenciajosepujol.com\/index.php\/wp-json\/wp\/v2\/pages"}],"about":[{"href":"https:\/\/residenciajosepujol.com\/index.php\/wp-json\/wp\/v2\/types\/page"}],"author":[{"embeddable":true,"href":"https:\/\/residenciajosepujol.com\/index.php\/wp-json\/wp\/v2\/users\/1"}],"replies":[{"embeddable":true,"href":"https:\/\/residenciajosepujol.com\/index.php\/wp-json\/wp\/v2\/comments?post=3745"}],"version-history":[{"count":22,"href":"https:\/\/residenciajosepujol.com\/index.php\/wp-json\/wp\/v2\/pages\/3745\/revisions"}],"predecessor-version":[{"id":3853,"href":"https:\/\/residenciajosepujol.com\/index.php\/wp-json\/wp\/v2\/pages\/3745\/revisions\/3853"}],"wp:attachment":[{"href":"https:\/\/residenciajosepujol.com\/index.php\/wp-json\/wp\/v2\/media?parent=3745"}],"curies":[{"name":"wp","href":"https:\/\/api.w.org\/{rel}","templated":true}]}}